{"id":872,"date":"2020-12-21T11:52:49","date_gmt":"2020-12-21T10:52:49","guid":{"rendered":"https:\/\/www.mvt.media\/?page_id=872"},"modified":"2020-12-21T12:05:28","modified_gmt":"2020-12-21T11:05:28","slug":"conditions-generales-dutilisation","status":"publish","type":"page","link":"https:\/\/mvt.mfr.fr\/index.php\/conditions-generales-dutilisation\/","title":{"rendered":"Conditions g\u00e9n\u00e9rales d&rsquo;utilisation"},"content":{"rendered":"\n<p><\/p>\n\n\n\n<p><\/p>\n\n\n\n<div style=\"height:100px\" aria-hidden=\"true\" class=\"wp-block-spacer\"><\/div>\n\n\n\n<h1>Conditions g\u00e9n\u00e9rales d&rsquo;utilisation<\/h1>\n\n\n\n<p>Les pr\u00e9sentes Conditions G\u00e9n\u00e9rales d\u2019Utilisation (ci-apr\u00e8s d\u00e9nomm\u00e9es CGU) ont pour objet de d\u00e9finir les modalit\u00e9s et conditions dans lesquelles, l\u2019UNMFREO met \u00e0 la disposition des utilisateurs (ci-apr\u00e8s d\u00e9nomm\u00e9 les Utilisateurs) du site https:\/\/www.mvt.media (ci-apr\u00e8s d\u00e9nomm\u00e9 le Site) les services associ\u00e9s et la mani\u00e8re par laquelle les Utilisateurs acc\u00e8dent au Site et utilisent ses services.<\/p>\n\n\n\n<p>Toute connexion au Site est subordonn\u00e9e au respect des CGU.<\/p>\n\n\n\n<p>L\u2019Utilisateur reconna\u00eet \u00e0 ce titre que le simple acc\u00e8s au Site implique l\u2019acceptation de l\u2019ensemble des conditions d\u00e9crites ci-apr\u00e8s.<\/p>\n\n\n\n<h2>ACC\u00c8S AU SITE :<\/h2>\n\n\n\n<p>L&rsquo;Utilisateur du Site reconna\u00eet avoir v\u00e9rifi\u00e9 que la configuration informatique qu\u2019il utilise ne contient aucun virus et qu&rsquo;elle est en parfait \u00e9tat de fonctionnement.<\/p>\n\n\n\n<p>Il est rappel\u00e9 que le secret des correspondances n&rsquo;est pas garanti sur le r\u00e9seau Internet et qu&rsquo;il appartient \u00e0 chaque Utilisateur d&rsquo;Internet de prendre toutes les mesures appropri\u00e9es de fa\u00e7on \u00e0 prot\u00e9ger ses propres donn\u00e9es et\/ou logiciels de la contamination d&rsquo;\u00e9ventuels virus circulant sur Internet.<\/p>\n\n\n\n<p>L\u2019UNMFREO ne saurait \u00eatre tenue pour responsable d&rsquo;\u00e9ventuels dommages, directs ou indirects, pouvant d\u00e9couler de l\u2019acc\u00e8s, de l\u2019utilisation ou de t\u00e9l\u00e9chargement de contenu via le Site, notamment, un dommage ou virus qui pourrait infecter l\u2019ordinateur de l\u2019Utilisateur ou tout autre mat\u00e9riel.<\/p>\n\n\n\n<p>L\u2019UNMFREO s\u2019efforce de permettre l\u2019acc\u00e8s au Site 24 heures sur 24, 7 jours sur 7, sauf en cas de force majeure ou d\u2019un \u00e9v\u00e9nement hors de son contr\u00f4le, et sous r\u00e9serve des \u00e9ventuelles pannes et interventions de maintenance n\u00e9cessaires au bon fonctionnement du Site et des services.<\/p>\n\n\n\n<p>Par cons\u00e9quent, l\u2019UNMFREO ne peut garantir une disponibilit\u00e9 du Site et\/ou des services, une fiabilit\u00e9 des transmissions et des performances en termes de temps de r\u00e9ponse ou de qualit\u00e9. Il n\u2019est pr\u00e9vu aucune assistance technique vis-\u00e0-vis de l\u2019Utilisateur que ce soit par des moyens \u00e9lectronique ou t\u00e9l\u00e9phonique.<\/p>\n\n\n\n<p>La responsabilit\u00e9 de l\u2019UNMFREO ne saurait \u00eatre engag\u00e9e en cas d\u2019impossibilit\u00e9 d\u2019acc\u00e8s \u00e0 ce Site et\/ou d\u2019utilisation des services.<\/p>\n\n\n\n<p>Par ailleurs, l\u2019UNMFREO peut \u00eatre amen\u00e9e \u00e0 interrompre le Site ou une partie des services, \u00e0 tout moment sans pr\u00e9avis, le tout sans droit \u00e0 indemnit\u00e9s. L\u2019Utilisateur reconna\u00eet et accepte que l\u2019UNMFREO ne soit pas responsable des interruptions, et des cons\u00e9quences qui peuvent en d\u00e9couler pour l\u2019Utilisateur ou tout tiers.<\/p>\n\n\n\n<h2>CONTENU DU SITE :<\/h2>\n\n\n\n<p>Les informations et\/ou documents disponibles sur le Site sont susceptibles d\u2019\u00eatre modifi\u00e9s \u00e0 tout moment, et peuvent avoir fait l\u2019objet de mises \u00e0 jour. En particulier, ils peuvent avoir fait l\u2019objet d\u2019une mise \u00e0 jour entre le moment de leur t\u00e9l\u00e9chargement et celui o\u00f9 l\u2019Utilisateur en prend connaissance.<\/p>\n\n\n\n<p>L\u2019utilisation des informations et\/ou documents disponibles sur le Site se fait sous l\u2019enti\u00e8re et seule responsabilit\u00e9 de l\u2019Utilisateur, qui assume la totalit\u00e9 des cons\u00e9quences pouvant en d\u00e9couler, sans que la responsabilit\u00e9 de l\u2019UNMFREO puisse \u00eatre recherch\u00e9e.<\/p>\n\n\n\n<p>L\u2019UNMFREO ne pourra en aucun cas \u00eatre tenue responsable de tout dommage de quelque nature qu\u2019il soit r\u00e9sultant de l\u2019interpr\u00e9tation ou de l\u2019utilisation des informations et\/ou documents disponibles sur le Site.<\/p>\n\n\n\n<h2>PROPRIETE INTELLECTUELLE :<\/h2>\n\n\n\n<p>Le site Internet https:\/\/www.mvt.media est la propri\u00e9t\u00e9 exclusive de l\u2019UNMFREO.<\/p>\n\n\n\n<p>La structure g\u00e9n\u00e9rale du Site et son contenu sont la propri\u00e9t\u00e9 exclusive de l\u2019UNMFREO, et font l&rsquo;objet d&rsquo;une protection l\u00e9gale au titre de la propri\u00e9t\u00e9 intellectuelle (droits d&rsquo;auteur, bases de donn\u00e9es, logiciels, marques, etc.).<\/p>\n\n\n\n<p>Toute reproduction, repr\u00e9sentation ou adaptation totale ou partielle du Site par une personne physique ou morale, par quelque proc\u00e9d\u00e9 que ce soit, sans l&rsquo;autorisation expresse de l\u2019UNMFREO est interdite et constituerait un acte de contrefa\u00e7on sanctionn\u00e9 notamment par les articles L. 335-2 et suivants du Code de la propri\u00e9t\u00e9 intellectuelle.<\/p>\n\n\n\n<p>Toute r\u00e9utilisation ou extraction totale ou partielle, des bases de donn\u00e9es du Site par une personne physique ou morale, par quelque proc\u00e9d\u00e9 que ce soit, est interdite et constituerait un acte de contrefa\u00e7on sanctionn\u00e9 par les articles L. 343-1 et suivants du Code de la propri\u00e9t\u00e9 intellectuelle.<\/p>\n\n\n\n<p>Toute reproduction totale ou partielle des marques et logos de l\u2019UNMFREO r\u00e9alis\u00e9e sans son autorisation expresse est interdite en application des articles L. 713-2 et suivants du Code de la propri\u00e9t\u00e9 intellectuelle.<\/p>\n\n\n\n<h2>LIENS HYPERTEXTES :<\/h2>\n\n\n\n<p>Le Site peut contenir des liens hypertextes ciblant d\u2019autres sites pr\u00e9sents sur le r\u00e9seau Internet. Les liens vers ces autres ressources vous font quitter le Site.<\/p>\n\n\n\n<p>Il est possible de cr\u00e9er un lien vers la page de pr\u00e9sentation de ce Site sans autorisation expresse de l\u2019UNMFREO, \u00e0 condition que le lien affiche le Site dans une nouvelle fen\u00eatre du navigateur.<\/p>\n\n\n\n<p>Il est n\u00e9anmoins demand\u00e9 d\u2019en informer pr\u00e9alablement l\u2019UNMFREO, qui peut \u00e0 tout moment demander la suppression du lien.<\/p>\n\n\n\n<h2>PROTECTION DES DONNEES PERSONNELLES :<\/h2>\n\n\n\n<p>Conform\u00e9ment \u00e0 la loi Informatique et Libert\u00e9s n\u00b078-17 du 6 janvier 1978 modifi\u00e9e et au R\u00e8glement G\u00e9n\u00e9ral sur la Protection des Donn\u00e9es \u00e0 caract\u00e8re personnel (ci-apr\u00e8s \u00ab&nbsp;RGPD&nbsp;\u00bb) n\u00b0 2016\/679\/UE du 27 avril 2016, l\u2019UNMFREO, en qualit\u00e9 de responsable de traitement, garantit le respect de la vie priv\u00e9e des Utilisateurs du Site.<\/p>\n\n\n\n<p>Pour en savoir plus\u00a0:\u00a0<strong><u><a href=\"https:\/\/www.mvt.media\/index.php\/protection-des-donnees-personnelles\/\">politique de protection des donn\u00e9es \u00e0 caract\u00e8re personnel<\/a><\/u><\/strong><\/p>\n\n\n\n<h2>MODIFICATION DES CONDITIONS D&rsquo;UTILISATION :<\/h2>\n\n\n\n<p>L\u2019UNMFREO se r\u00e9serve la possibilit\u00e9 de modifier, \u00e0 tout moment et sans pr\u00e9avis, les pr\u00e9sentes conditions g\u00e9n\u00e9rales d\u2019utilisation afin de les adapter aux \u00e9volutions du Site et\/ou de son exploitation.<\/p>\n\n\n\n<h2>LOI APPLICABLE ET JURIDICTION COMPETENTE :<\/h2>\n\n\n\n<p>Les pr\u00e9sentes Conditions G\u00e9n\u00e9rales d\u2019Utilisation et le contenu du Site sont r\u00e9gis par la loi fran\u00e7aise.<\/p>\n\n\n\n<p>Les parties conviennent que les diff\u00e9rends qui viendraient \u00e0 se produire \u00e0 la suite ou \u00e0 l\u2019occasion des pr\u00e9sentes, faute de pouvoir \u00eatre r\u00e9gl\u00e9s \u00e0 l\u2019amiable, seront soumis aux juridictions fran\u00e7aises comp\u00e9tentes.<\/p>\n","protected":false},"excerpt":{"rendered":"<p>Conditions g\u00e9n\u00e9rales d&rsquo;utilisation Les pr\u00e9sentes Conditions G\u00e9n\u00e9rales d\u2019Utilisation (ci-apr\u00e8s d\u00e9nomm\u00e9es CGU) ont pour objet de d\u00e9finir les modalit\u00e9s et conditions dans lesquelles, l\u2019UNMFREO met \u00e0 la disposition des utilisateurs (ci-apr\u00e8s d\u00e9nomm\u00e9 les Utilisateurs) du site https:\/\/www.mvt.media (ci-apr\u00e8s d\u00e9nomm\u00e9 le Site) les services associ\u00e9s et la mani\u00e8re par laquelle les Utilisateurs acc\u00e8dent au Site et utilisent [&hellip;]<\/p>\n","protected":false},"author":6,"featured_media":0,"parent":0,"menu_order":0,"comment_status":"closed","ping_status":"closed","template":"","meta":{"inline_featured_image":false,"spay_email":""},"yoast_head":"<!-- This site is optimized with the Yoast SEO plugin v17.1 - https:\/\/yoast.com\/wordpress\/plugins\/seo\/ -->\n<meta name=\"robots\" content=\"index, follow, max-snippet:-1, max-image-preview:large, max-video-preview:-1\" \/>\n<link rel=\"canonical\" href=\"https:\/\/mvt.mfr.fr\/index.php\/conditions-generales-dutilisation\/\" \/>\n<meta property=\"og:locale\" content=\"fr_FR\" \/>\n<meta property=\"og:type\" content=\"article\" \/>\n<meta property=\"og:title\" content=\"Conditions g\u00e9n\u00e9rales d&#039;utilisation - MVT\" \/>\n<meta property=\"og:description\" content=\"Conditions g\u00e9n\u00e9rales d&rsquo;utilisation Les pr\u00e9sentes Conditions G\u00e9n\u00e9rales d\u2019Utilisation (ci-apr\u00e8s d\u00e9nomm\u00e9es CGU) ont pour objet de d\u00e9finir les modalit\u00e9s et conditions dans lesquelles, l\u2019UNMFREO met \u00e0 la disposition des utilisateurs (ci-apr\u00e8s d\u00e9nomm\u00e9 les Utilisateurs) du site https:\/\/www.mvt.media (ci-apr\u00e8s d\u00e9nomm\u00e9 le Site) les services associ\u00e9s et la mani\u00e8re par laquelle les Utilisateurs acc\u00e8dent au Site et utilisent [&hellip;]\" \/>\n<meta property=\"og:url\" content=\"https:\/\/mvt.mfr.fr\/index.php\/conditions-generales-dutilisation\/\" \/>\n<meta property=\"og:site_name\" content=\"MVT\" \/>\n<meta property=\"article:modified_time\" content=\"2020-12-21T11:05:28+00:00\" \/>\n<meta property=\"og:image\" content=\"https:\/\/mvt.mfr.fr\/wp-content\/uploads\/2020\/12\/edito-lancement-copie.jpg\" \/>\n\t<meta property=\"og:image:width\" content=\"1254\" \/>\n\t<meta property=\"og:image:height\" content=\"836\" \/>\n<meta name=\"twitter:card\" content=\"summary_large_image\" \/>\n<meta name=\"twitter:label1\" content=\"Dur\u00e9e de lecture est.\" \/>\n\t<meta name=\"twitter:data1\" content=\"5 minutes\" \/>\n<script type=\"application\/ld+json\" class=\"yoast-schema-graph\">{\"@context\":\"https:\/\/schema.org\",\"@graph\":[{\"@type\":\"WebSite\",\"@id\":\"https:\/\/mvt.mfr.fr\/#website\",\"url\":\"https:\/\/mvt.mfr.fr\/\",\"name\":\"MVT\",\"description\":\"Le M\\u00e9dia Vraiment Tout terrain\",\"potentialAction\":[{\"@type\":\"SearchAction\",\"target\":{\"@type\":\"EntryPoint\",\"urlTemplate\":\"https:\/\/mvt.mfr.fr\/?s={search_term_string}\"},\"query-input\":\"required name=search_term_string\"}],\"inLanguage\":\"fr-FR\"},{\"@type\":\"WebPage\",\"@id\":\"https:\/\/mvt.mfr.fr\/index.php\/conditions-generales-dutilisation\/#webpage\",\"url\":\"https:\/\/mvt.mfr.fr\/index.php\/conditions-generales-dutilisation\/\",\"name\":\"Conditions g\\u00e9n\\u00e9rales d'utilisation - MVT\",\"isPartOf\":{\"@id\":\"https:\/\/mvt.mfr.fr\/#website\"},\"datePublished\":\"2020-12-21T10:52:49+00:00\",\"dateModified\":\"2020-12-21T11:05:28+00:00\",\"breadcrumb\":{\"@id\":\"https:\/\/mvt.mfr.fr\/index.php\/conditions-generales-dutilisation\/#breadcrumb\"},\"inLanguage\":\"fr-FR\",\"potentialAction\":[{\"@type\":\"ReadAction\",\"target\":[\"https:\/\/mvt.mfr.fr\/index.php\/conditions-generales-dutilisation\/\"]}]},{\"@type\":\"BreadcrumbList\",\"@id\":\"https:\/\/mvt.mfr.fr\/index.php\/conditions-generales-dutilisation\/#breadcrumb\",\"itemListElement\":[{\"@type\":\"ListItem\",\"position\":1,\"name\":\"Accueil\",\"item\":\"https:\/\/mvt.mfr.fr\/\"},{\"@type\":\"ListItem\",\"position\":2,\"name\":\"Conditions g\\u00e9n\\u00e9rales d&#8217;utilisation\"}]}]}<\/script>\n<!-- \/ Yoast SEO plugin. -->","yoast_head_json":{"robots":{"index":"index","follow":"follow","max-snippet":"max-snippet:-1","max-image-preview":"max-image-preview:large","max-video-preview":"max-video-preview:-1"},"canonical":"https:\/\/mvt.mfr.fr\/index.php\/conditions-generales-dutilisation\/","og_locale":"fr_FR","og_type":"article","og_title":"Conditions g\u00e9n\u00e9rales d'utilisation - MVT","og_description":"Conditions g\u00e9n\u00e9rales d&rsquo;utilisation Les pr\u00e9sentes Conditions G\u00e9n\u00e9rales d\u2019Utilisation (ci-apr\u00e8s d\u00e9nomm\u00e9es CGU) ont pour objet de d\u00e9finir les modalit\u00e9s et conditions dans lesquelles, l\u2019UNMFREO met \u00e0 la disposition des utilisateurs (ci-apr\u00e8s d\u00e9nomm\u00e9 les Utilisateurs) du site https:\/\/www.mvt.media (ci-apr\u00e8s d\u00e9nomm\u00e9 le Site) les services associ\u00e9s et la mani\u00e8re par laquelle les Utilisateurs acc\u00e8dent au Site et utilisent [&hellip;]","og_url":"https:\/\/mvt.mfr.fr\/index.php\/conditions-generales-dutilisation\/","og_site_name":"MVT","article_modified_time":"2020-12-21T11:05:28+00:00","og_image":[{"width":1254,"height":836,"url":"https:\/\/mvt.mfr.fr\/wp-content\/uploads\/2020\/12\/edito-lancement-copie.jpg","path":"\/var\/www\/clients\/client3\/web3\/web\/wp-content\/uploads\/2020\/12\/edito-lancement-copie.jpg","size":"full","id":582,"alt":"","pixels":1048344,"type":"image\/jpeg"}],"twitter_card":"summary_large_image","twitter_misc":{"Dur\u00e9e de lecture est.":"5 minutes"},"schema":{"@context":"https:\/\/schema.org","@graph":[{"@type":"WebSite","@id":"https:\/\/mvt.mfr.fr\/#website","url":"https:\/\/mvt.mfr.fr\/","name":"MVT","description":"Le M\u00e9dia Vraiment Tout terrain","potentialAction":[{"@type":"SearchAction","target":{"@type":"EntryPoint","urlTemplate":"https:\/\/mvt.mfr.fr\/?s={search_term_string}"},"query-input":"required name=search_term_string"}],"inLanguage":"fr-FR"},{"@type":"WebPage","@id":"https:\/\/mvt.mfr.fr\/index.php\/conditions-generales-dutilisation\/#webpage","url":"https:\/\/mvt.mfr.fr\/index.php\/conditions-generales-dutilisation\/","name":"Conditions g\u00e9n\u00e9rales d'utilisation - MVT","isPartOf":{"@id":"https:\/\/mvt.mfr.fr\/#website"},"datePublished":"2020-12-21T10:52:49+00:00","dateModified":"2020-12-21T11:05:28+00:00","breadcrumb":{"@id":"https:\/\/mvt.mfr.fr\/index.php\/conditions-generales-dutilisation\/#breadcrumb"},"inLanguage":"fr-FR","potentialAction":[{"@type":"ReadAction","target":["https:\/\/mvt.mfr.fr\/index.php\/conditions-generales-dutilisation\/"]}]},{"@type":"BreadcrumbList","@id":"https:\/\/mvt.mfr.fr\/index.php\/conditions-generales-dutilisation\/#breadcrumb","itemListElement":[{"@type":"ListItem","position":1,"name":"Accueil","item":"https:\/\/mvt.mfr.fr\/"},{"@type":"ListItem","position":2,"name":"Conditions g\u00e9n\u00e9rales d&#8217;utilisation"}]}]}},"_links":{"self":[{"href":"https:\/\/mvt.mfr.fr\/index.php\/wp-json\/wp\/v2\/pages\/872"}],"collection":[{"href":"https:\/\/mvt.mfr.fr\/index.php\/wp-json\/wp\/v2\/pages"}],"about":[{"href":"https:\/\/mvt.mfr.fr\/index.php\/wp-json\/wp\/v2\/types\/page"}],"author":[{"embeddable":true,"href":"https:\/\/mvt.mfr.fr\/index.php\/wp-json\/wp\/v2\/users\/6"}],"replies":[{"embeddable":true,"href":"https:\/\/mvt.mfr.fr\/index.php\/wp-json\/wp\/v2\/comments?post=872"}],"version-history":[{"count":1,"href":"https:\/\/mvt.mfr.fr\/index.php\/wp-json\/wp\/v2\/pages\/872\/revisions"}],"predecessor-version":[{"id":976,"href":"https:\/\/mvt.mfr.fr\/index.php\/wp-json\/wp\/v2\/pages\/872\/revisions\/976"}],"wp:attachment":[{"href":"https:\/\/mvt.mfr.fr\/index.php\/wp-json\/wp\/v2\/media?parent=872"}],"curies":[{"name":"wp","href":"https:\/\/api.w.org\/{rel}","templated":true}]}}