{"id":866,"date":"2020-12-21T11:41:32","date_gmt":"2020-12-21T10:41:32","guid":{"rendered":"https:\/\/www.mvt.media\/?page_id=866"},"modified":"2021-01-29T12:21:07","modified_gmt":"2021-01-29T11:21:07","slug":"mentions-legales","status":"publish","type":"page","link":"https:\/\/mvt.mfr.fr\/index.php\/mentions-legales\/","title":{"rendered":"Mentions l\u00e9gales"},"content":{"rendered":"\n<div style=\"height:100px\" aria-hidden=\"true\" class=\"wp-block-spacer\"><\/div>\n\n\n\n<p><\/p>\n\n\n\n<p><\/p>\n\n\n\n<h1>Mentions l\u00e9gales<\/h1>\n\n\n\n<ol><li><a href=\"https:\/\/mvt.mfr.fr\/index.php\/responsabilite-editoriale\/\">Responsabilit\u00e9 \u00e9ditoriale<\/a><\/li><li><a href=\"https:\/\/mvt.mfr.fr\/index.php\/conditions-generales-dutilisation\/\">Conditions G\u00e9n\u00e9rales d&rsquo;Utilisation<\/a><\/li><li><a href=\"https:\/\/mvt.mfr.fr\/index.php\/protection-des-donnees-personnelles\/\">Protection des donn\u00e9es personnelles<\/a><\/li><li><a href=\"https:\/\/mvt.mfr.fr\/index.php\/gestion-des-cookies\/\">Gestion des cookies<\/a><\/li><\/ol>\n\n\n\n<p><\/p>\n","protected":false},"excerpt":{"rendered":"<p>Mentions l\u00e9gales Responsabilit\u00e9 \u00e9ditoriale Conditions G\u00e9n\u00e9rales d&rsquo;Utilisation Protection des donn\u00e9es personnelles Gestion des cookies<\/p>\n","protected":false},"author":1,"featured_media":0,"parent":0,"menu_order":0,"comment_status":"closed","ping_status":"closed","template":"","meta":{"inline_featured_image":false,"spay_email":""},"yoast_head":"<!-- This site is optimized with the Yoast SEO plugin v17.1 - https:\/\/yoast.com\/wordpress\/plugins\/seo\/ -->\n<meta name=\"robots\" content=\"index, follow, max-snippet:-1, max-image-preview:large, max-video-preview:-1\" \/>\n<link rel=\"canonical\" href=\"https:\/\/mvt.mfr.fr\/index.php\/mentions-legales\/\" \/>\n<meta property=\"og:locale\" content=\"fr_FR\" \/>\n<meta property=\"og:type\" content=\"article\" \/>\n<meta property=\"og:title\" content=\"Mentions l\u00e9gales - MVT\" \/>\n<meta property=\"og:description\" content=\"Mentions l\u00e9gales Responsabilit\u00e9 \u00e9ditoriale Conditions G\u00e9n\u00e9rales d&rsquo;Utilisation Protection des donn\u00e9es personnelles Gestion des cookies\" \/>\n<meta property=\"og:url\" content=\"https:\/\/mvt.mfr.fr\/index.php\/mentions-legales\/\" \/>\n<meta property=\"og:site_name\" content=\"MVT\" \/>\n<meta property=\"article:modified_time\" content=\"2021-01-29T11:21:07+00:00\" \/>\n<meta property=\"og:image\" content=\"https:\/\/mvt.mfr.fr\/wp-content\/uploads\/2020\/12\/edito-lancement-copie.jpg\" \/>\n\t<meta property=\"og:image:width\" content=\"1254\" \/>\n\t<meta property=\"og:image:height\" content=\"836\" \/>\n<meta name=\"twitter:card\" content=\"summary_large_image\" \/>\n<meta name=\"twitter:label1\" content=\"Dur\u00e9e de lecture est.\" \/>\n\t<meta name=\"twitter:data1\" content=\"1 minute\" \/>\n<script type=\"application\/ld+json\" class=\"yoast-schema-graph\">{\"@context\":\"https:\/\/schema.org\",\"@graph\":[{\"@type\":\"WebSite\",\"@id\":\"https:\/\/mvt.mfr.fr\/#website\",\"url\":\"https:\/\/mvt.mfr.fr\/\",\"name\":\"MVT\",\"description\":\"Le M\\u00e9dia Vraiment Tout terrain\",\"potentialAction\":[{\"@type\":\"SearchAction\",\"target\":{\"@type\":\"EntryPoint\",\"urlTemplate\":\"https:\/\/mvt.mfr.fr\/?s={search_term_string}\"},\"query-input\":\"required name=search_term_string\"}],\"inLanguage\":\"fr-FR\"},{\"@type\":\"WebPage\",\"@id\":\"https:\/\/mvt.mfr.fr\/index.php\/mentions-legales\/#webpage\",\"url\":\"https:\/\/mvt.mfr.fr\/index.php\/mentions-legales\/\",\"name\":\"Mentions l\\u00e9gales - MVT\",\"isPartOf\":{\"@id\":\"https:\/\/mvt.mfr.fr\/#website\"},\"datePublished\":\"2020-12-21T10:41:32+00:00\",\"dateModified\":\"2021-01-29T11:21:07+00:00\",\"breadcrumb\":{\"@id\":\"https:\/\/mvt.mfr.fr\/index.php\/mentions-legales\/#breadcrumb\"},\"inLanguage\":\"fr-FR\",\"potentialAction\":[{\"@type\":\"ReadAction\",\"target\":[\"https:\/\/mvt.mfr.fr\/index.php\/mentions-legales\/\"]}]},{\"@type\":\"BreadcrumbList\",\"@id\":\"https:\/\/mvt.mfr.fr\/index.php\/mentions-legales\/#breadcrumb\",\"itemListElement\":[{\"@type\":\"ListItem\",\"position\":1,\"name\":\"Accueil\",\"item\":\"https:\/\/mvt.mfr.fr\/\"},{\"@type\":\"ListItem\",\"position\":2,\"name\":\"Mentions l\\u00e9gales\"}]}]}<\/script>\n<!-- \/ Yoast SEO plugin. -->","yoast_head_json":{"robots":{"index":"index","follow":"follow","max-snippet":"max-snippet:-1","max-image-preview":"max-image-preview:large","max-video-preview":"max-video-preview:-1"},"canonical":"https:\/\/mvt.mfr.fr\/index.php\/mentions-legales\/","og_locale":"fr_FR","og_type":"article","og_title":"Mentions l\u00e9gales - MVT","og_description":"Mentions l\u00e9gales Responsabilit\u00e9 \u00e9ditoriale Conditions G\u00e9n\u00e9rales d&rsquo;Utilisation Protection des donn\u00e9es personnelles Gestion des cookies","og_url":"https:\/\/mvt.mfr.fr\/index.php\/mentions-legales\/","og_site_name":"MVT","article_modified_time":"2021-01-29T11:21:07+00:00","og_image":[{"width":1254,"height":836,"url":"https:\/\/mvt.mfr.fr\/wp-content\/uploads\/2020\/12\/edito-lancement-copie.jpg","path":"\/var\/www\/clients\/client3\/web3\/web\/wp-content\/uploads\/2020\/12\/edito-lancement-copie.jpg","size":"full","id":582,"alt":"","pixels":1048344,"type":"image\/jpeg"}],"twitter_card":"summary_large_image","twitter_misc":{"Dur\u00e9e de lecture est.":"1 minute"},"schema":{"@context":"https:\/\/schema.org","@graph":[{"@type":"WebSite","@id":"https:\/\/mvt.mfr.fr\/#website","url":"https:\/\/mvt.mfr.fr\/","name":"MVT","description":"Le M\u00e9dia Vraiment Tout terrain","potentialAction":[{"@type":"SearchAction","target":{"@type":"EntryPoint","urlTemplate":"https:\/\/mvt.mfr.fr\/?s={search_term_string}"},"query-input":"required name=search_term_string"}],"inLanguage":"fr-FR"},{"@type":"WebPage","@id":"https:\/\/mvt.mfr.fr\/index.php\/mentions-legales\/#webpage","url":"https:\/\/mvt.mfr.fr\/index.php\/mentions-legales\/","name":"Mentions l\u00e9gales - MVT","isPartOf":{"@id":"https:\/\/mvt.mfr.fr\/#website"},"datePublished":"2020-12-21T10:41:32+00:00","dateModified":"2021-01-29T11:21:07+00:00","breadcrumb":{"@id":"https:\/\/mvt.mfr.fr\/index.php\/mentions-legales\/#breadcrumb"},"inLanguage":"fr-FR","potentialAction":[{"@type":"ReadAction","target":["https:\/\/mvt.mfr.fr\/index.php\/mentions-legales\/"]}]},{"@type":"BreadcrumbList","@id":"https:\/\/mvt.mfr.fr\/index.php\/mentions-legales\/#breadcrumb","itemListElement":[{"@type":"ListItem","position":1,"name":"Accueil","item":"https:\/\/mvt.mfr.fr\/"},{"@type":"ListItem","position":2,"name":"Mentions l\u00e9gales"}]}]}},"_links":{"self":[{"href":"https:\/\/mvt.mfr.fr\/index.php\/wp-json\/wp\/v2\/pages\/866"}],"collection":[{"href":"https:\/\/mvt.mfr.fr\/index.php\/wp-json\/wp\/v2\/pages"}],"about":[{"href":"https:\/\/mvt.mfr.fr\/index.php\/wp-json\/wp\/v2\/types\/page"}],"author":[{"embeddable":true,"href":"https:\/\/mvt.mfr.fr\/index.php\/wp-json\/wp\/v2\/users\/1"}],"replies":[{"embeddable":true,"href":"https:\/\/mvt.mfr.fr\/index.php\/wp-json\/wp\/v2\/comments?post=866"}],"version-history":[{"count":1,"href":"https:\/\/mvt.mfr.fr\/index.php\/wp-json\/wp\/v2\/pages\/866\/revisions"}],"predecessor-version":[{"id":1156,"href":"https:\/\/mvt.mfr.fr\/index.php\/wp-json\/wp\/v2\/pages\/866\/revisions\/1156"}],"wp:attachment":[{"href":"https:\/\/mvt.mfr.fr\/index.php\/wp-json\/wp\/v2\/media?parent=866"}],"curies":[{"name":"wp","href":"https:\/\/api.w.org\/{rel}","templated":true}]}}