{"id":3,"date":"2020-12-10T18:31:17","date_gmt":"2020-12-10T17:31:17","guid":{"rendered":"http:\/\/mvt.media\/?page_id=3"},"modified":"2020-12-21T12:06:34","modified_gmt":"2020-12-21T11:06:34","slug":"protection-des-donnees-personnelles","status":"publish","type":"page","link":"https:\/\/mvt.mfr.fr\/index.php\/protection-des-donnees-personnelles\/","title":{"rendered":"Protection des donn\u00e9es personnelles"},"content":{"rendered":"\n<p><\/p>\n\n\n\n<p><\/p>\n\n\n\n<div style=\"height:100px\" aria-hidden=\"true\" class=\"wp-block-spacer\"><\/div>\n\n\n\n<h1>Protection des donn\u00e9es personnelles<\/h1>\n\n\n\n<p>Conform\u00e9ment \u00e0 la loi Informatique et Libert\u00e9s n\u00b078-17 du 6 janvier 1978 modifi\u00e9e et au R\u00e8glement G\u00e9n\u00e9ral sur la Protection des Donn\u00e9es \u00e0 caract\u00e8re personnel (ci-apr\u00e8s \u00ab RGPD \u00bb) n\u00b0 2016\/679\/UE du 27 avril 2016, l\u2019UNMFREO, en qualit\u00e9 de responsable de traitement, garantit le respect de la vie priv\u00e9e des Utilisateurs du Site.<\/p>\n\n\n\n<p>L&rsquo;Utilisateur, personne physique, est inform\u00e9 que les informations qu\u2019il communique par le biais du Site, sur la base soit de mesures pr\u00e9contractuelles ou de l\u2019ex\u00e9cution d\u2019un contrat \u00e0 des fins de gestion de la relation client, soit de l\u2019int\u00e9r\u00eat l\u00e9gitime poursuivi par L\u2019UNMFREO afin de pouvoir r\u00e9pondre \u00e0 ses demandes, sont destin\u00e9es aux services et sous-traitants strictement habilit\u00e9s de l\u2019UNMFREO \u00e0 des fins de gestion des relations clients et prospects.<\/p>\n\n\n\n<p>Les sous-traitants strictement habilit\u00e9s par l\u2019UNMFREO sont :<\/p>\n\n\n\n<p>Les Enchanteurs, bas\u00e9 \u00e0 LILLE, France : prestataire du site internet<\/p>\n\n\n\n<p>Pendant la consultation du Site ou l\u2019acc\u00e8s aux services en ligne de l\u2019UNMFREO, l\u2019Utilisateur peut \u00eatre sollicit\u00e9 pour communiquer volontairement certaines donn\u00e9es personnelles (nom, pr\u00e9nom, soci\u00e9t\u00e9, courriel, email, num\u00e9ro de t\u00e9l\u00e9phone, identifiants). Les formulaires de collecte pr\u00e9sents sur le Site pr\u00e9cisent notamment la finalit\u00e9, les destinataires, la dur\u00e9e de conservation et le caract\u00e8re obligatoire ou facultatif des donn\u00e9es demand\u00e9es par un ast\u00e9risque.<\/p>\n\n\n\n<p>Les donn\u00e9es personnelles collect\u00e9es et trait\u00e9es sur le Site sont prot\u00e9g\u00e9es par des mesures techniques et organisationnelles appropri\u00e9es afin de garantir un niveau de s\u00e9curit\u00e9 adapt\u00e9 au risque.<\/p>\n\n\n\n<p>L&rsquo;Utilisateur du Site est inform\u00e9 qu&rsquo;il dispose d&rsquo;un droit d&rsquo;acc\u00e8s, de rectification, de suppression, de limitation, de portabilit\u00e9 (lorsqu\u2019il s\u2019applique) et d\u2019opposition sur les donn\u00e9es le concernant. L\u2019Utilisateur peut exercer ces droits en s\u2019adressant au service DPO de l\u2019UNMFREO \u00e0 l\u2019adresse dpo@mfr.asso.fr<\/p>\n\n\n\n<p>L\u2019Utilisateur dispose \u00e9galement du droit d\u2019introduire une r\u00e9clamation aupr\u00e8s de la CNIL.<\/p>\n\n\n\n<p>Par ailleurs, chaque e-mail envoy\u00e9 automatiquement par l\u2019UNMFREO vous indique comment ne plus le recevoir.<\/p>\n\n\n\n<p>Les Utilisateurs du Site sont tenus de respecter les dispositions de la loi Informatique et Libert\u00e9s et du RGPD, notamment en s&rsquo;abstenant de toute collecte ou utilisation d\u00e9tourn\u00e9e des donn\u00e9es \u00e0 caract\u00e8re personnel auxquelles ils acc\u00e8dent.<\/p>\n","protected":false},"excerpt":{"rendered":"<p>Protection des donn\u00e9es personnelles Conform\u00e9ment \u00e0 la loi Informatique et Libert\u00e9s n\u00b078-17 du 6 janvier 1978 modifi\u00e9e et au R\u00e8glement G\u00e9n\u00e9ral sur la Protection des Donn\u00e9es \u00e0 caract\u00e8re personnel (ci-apr\u00e8s \u00ab RGPD \u00bb) n\u00b0 2016\/679\/UE du 27 avril 2016, l\u2019UNMFREO, en qualit\u00e9 de responsable de traitement, garantit le respect de la vie priv\u00e9e des Utilisateurs [&hellip;]<\/p>\n","protected":false},"author":6,"featured_media":0,"parent":0,"menu_order":0,"comment_status":"closed","ping_status":"closed","template":"","meta":{"inline_featured_image":false,"spay_email":""},"yoast_head":"<!-- This site is optimized with the Yoast SEO plugin v17.1 - https:\/\/yoast.com\/wordpress\/plugins\/seo\/ -->\n<meta name=\"robots\" content=\"index, follow, max-snippet:-1, max-image-preview:large, max-video-preview:-1\" \/>\n<link rel=\"canonical\" href=\"https:\/\/mvt.mfr.fr\/index.php\/protection-des-donnees-personnelles\/\" \/>\n<meta property=\"og:locale\" content=\"fr_FR\" \/>\n<meta property=\"og:type\" content=\"article\" \/>\n<meta property=\"og:title\" content=\"Protection des donn\u00e9es personnelles - MVT\" \/>\n<meta property=\"og:description\" content=\"Protection des donn\u00e9es personnelles Conform\u00e9ment \u00e0 la loi Informatique et Libert\u00e9s n\u00b078-17 du 6 janvier 1978 modifi\u00e9e et au R\u00e8glement G\u00e9n\u00e9ral sur la Protection des Donn\u00e9es \u00e0 caract\u00e8re personnel (ci-apr\u00e8s \u00ab RGPD \u00bb) n\u00b0 2016\/679\/UE du 27 avril 2016, l\u2019UNMFREO, en qualit\u00e9 de responsable de traitement, garantit le respect de la vie priv\u00e9e des Utilisateurs [&hellip;]\" \/>\n<meta property=\"og:url\" content=\"https:\/\/mvt.mfr.fr\/index.php\/protection-des-donnees-personnelles\/\" \/>\n<meta property=\"og:site_name\" content=\"MVT\" \/>\n<meta property=\"article:modified_time\" content=\"2020-12-21T11:06:34+00:00\" \/>\n<meta property=\"og:image\" content=\"https:\/\/mvt.mfr.fr\/wp-content\/uploads\/2020\/12\/edito-lancement-copie.jpg\" \/>\n\t<meta property=\"og:image:width\" content=\"1254\" \/>\n\t<meta property=\"og:image:height\" content=\"836\" \/>\n<meta name=\"twitter:card\" content=\"summary_large_image\" \/>\n<meta name=\"twitter:label1\" content=\"Dur\u00e9e de lecture est.\" \/>\n\t<meta name=\"twitter:data1\" content=\"2 minutes\" \/>\n<script type=\"application\/ld+json\" class=\"yoast-schema-graph\">{\"@context\":\"https:\/\/schema.org\",\"@graph\":[{\"@type\":\"WebSite\",\"@id\":\"https:\/\/mvt.mfr.fr\/#website\",\"url\":\"https:\/\/mvt.mfr.fr\/\",\"name\":\"MVT\",\"description\":\"Le M\\u00e9dia Vraiment Tout terrain\",\"potentialAction\":[{\"@type\":\"SearchAction\",\"target\":{\"@type\":\"EntryPoint\",\"urlTemplate\":\"https:\/\/mvt.mfr.fr\/?s={search_term_string}\"},\"query-input\":\"required name=search_term_string\"}],\"inLanguage\":\"fr-FR\"},{\"@type\":\"WebPage\",\"@id\":\"https:\/\/mvt.mfr.fr\/index.php\/protection-des-donnees-personnelles\/#webpage\",\"url\":\"https:\/\/mvt.mfr.fr\/index.php\/protection-des-donnees-personnelles\/\",\"name\":\"Protection des donn\\u00e9es personnelles - MVT\",\"isPartOf\":{\"@id\":\"https:\/\/mvt.mfr.fr\/#website\"},\"datePublished\":\"2020-12-10T17:31:17+00:00\",\"dateModified\":\"2020-12-21T11:06:34+00:00\",\"breadcrumb\":{\"@id\":\"https:\/\/mvt.mfr.fr\/index.php\/protection-des-donnees-personnelles\/#breadcrumb\"},\"inLanguage\":\"fr-FR\",\"potentialAction\":[{\"@type\":\"ReadAction\",\"target\":[\"https:\/\/mvt.mfr.fr\/index.php\/protection-des-donnees-personnelles\/\"]}]},{\"@type\":\"BreadcrumbList\",\"@id\":\"https:\/\/mvt.mfr.fr\/index.php\/protection-des-donnees-personnelles\/#breadcrumb\",\"itemListElement\":[{\"@type\":\"ListItem\",\"position\":1,\"name\":\"Accueil\",\"item\":\"https:\/\/mvt.mfr.fr\/\"},{\"@type\":\"ListItem\",\"position\":2,\"name\":\"Protection des donn\\u00e9es personnelles\"}]}]}<\/script>\n<!-- \/ Yoast SEO plugin. -->","yoast_head_json":{"robots":{"index":"index","follow":"follow","max-snippet":"max-snippet:-1","max-image-preview":"max-image-preview:large","max-video-preview":"max-video-preview:-1"},"canonical":"https:\/\/mvt.mfr.fr\/index.php\/protection-des-donnees-personnelles\/","og_locale":"fr_FR","og_type":"article","og_title":"Protection des donn\u00e9es personnelles - MVT","og_description":"Protection des donn\u00e9es personnelles Conform\u00e9ment \u00e0 la loi Informatique et Libert\u00e9s n\u00b078-17 du 6 janvier 1978 modifi\u00e9e et au R\u00e8glement G\u00e9n\u00e9ral sur la Protection des Donn\u00e9es \u00e0 caract\u00e8re personnel (ci-apr\u00e8s \u00ab RGPD \u00bb) n\u00b0 2016\/679\/UE du 27 avril 2016, l\u2019UNMFREO, en qualit\u00e9 de responsable de traitement, garantit le respect de la vie priv\u00e9e des Utilisateurs [&hellip;]","og_url":"https:\/\/mvt.mfr.fr\/index.php\/protection-des-donnees-personnelles\/","og_site_name":"MVT","article_modified_time":"2020-12-21T11:06:34+00:00","og_image":[{"width":1254,"height":836,"url":"https:\/\/mvt.mfr.fr\/wp-content\/uploads\/2020\/12\/edito-lancement-copie.jpg","path":"\/var\/www\/clients\/client3\/web3\/web\/wp-content\/uploads\/2020\/12\/edito-lancement-copie.jpg","size":"full","id":582,"alt":"","pixels":1048344,"type":"image\/jpeg"}],"twitter_card":"summary_large_image","twitter_misc":{"Dur\u00e9e de lecture est.":"2 minutes"},"schema":{"@context":"https:\/\/schema.org","@graph":[{"@type":"WebSite","@id":"https:\/\/mvt.mfr.fr\/#website","url":"https:\/\/mvt.mfr.fr\/","name":"MVT","description":"Le M\u00e9dia Vraiment Tout terrain","potentialAction":[{"@type":"SearchAction","target":{"@type":"EntryPoint","urlTemplate":"https:\/\/mvt.mfr.fr\/?s={search_term_string}"},"query-input":"required name=search_term_string"}],"inLanguage":"fr-FR"},{"@type":"WebPage","@id":"https:\/\/mvt.mfr.fr\/index.php\/protection-des-donnees-personnelles\/#webpage","url":"https:\/\/mvt.mfr.fr\/index.php\/protection-des-donnees-personnelles\/","name":"Protection des donn\u00e9es personnelles - MVT","isPartOf":{"@id":"https:\/\/mvt.mfr.fr\/#website"},"datePublished":"2020-12-10T17:31:17+00:00","dateModified":"2020-12-21T11:06:34+00:00","breadcrumb":{"@id":"https:\/\/mvt.mfr.fr\/index.php\/protection-des-donnees-personnelles\/#breadcrumb"},"inLanguage":"fr-FR","potentialAction":[{"@type":"ReadAction","target":["https:\/\/mvt.mfr.fr\/index.php\/protection-des-donnees-personnelles\/"]}]},{"@type":"BreadcrumbList","@id":"https:\/\/mvt.mfr.fr\/index.php\/protection-des-donnees-personnelles\/#breadcrumb","itemListElement":[{"@type":"ListItem","position":1,"name":"Accueil","item":"https:\/\/mvt.mfr.fr\/"},{"@type":"ListItem","position":2,"name":"Protection des donn\u00e9es personnelles"}]}]}},"_links":{"self":[{"href":"https:\/\/mvt.mfr.fr\/index.php\/wp-json\/wp\/v2\/pages\/3"}],"collection":[{"href":"https:\/\/mvt.mfr.fr\/index.php\/wp-json\/wp\/v2\/pages"}],"about":[{"href":"https:\/\/mvt.mfr.fr\/index.php\/wp-json\/wp\/v2\/types\/page"}],"author":[{"embeddable":true,"href":"https:\/\/mvt.mfr.fr\/index.php\/wp-json\/wp\/v2\/users\/6"}],"replies":[{"embeddable":true,"href":"https:\/\/mvt.mfr.fr\/index.php\/wp-json\/wp\/v2\/comments?post=3"}],"version-history":[{"count":0,"href":"https:\/\/mvt.mfr.fr\/index.php\/wp-json\/wp\/v2\/pages\/3\/revisions"}],"wp:attachment":[{"href":"https:\/\/mvt.mfr.fr\/index.php\/wp-json\/wp\/v2\/media?parent=3"}],"curies":[{"name":"wp","href":"https:\/\/api.w.org\/{rel}","templated":true}]}}